{"id":6,"date":"2025-12-29T02:30:14","date_gmt":"2025-12-29T02:30:14","guid":{"rendered":"https:\/\/wondecmachinery.com\/home\/"},"modified":"2026-04-14T02:26:08","modified_gmt":"2026-04-14T02:26:08","slug":"home","status":"publish","type":"page","link":"https:\/\/wondecmachinery.com\/tr\/","title":{"rendered":"Ev"},"content":{"rendered":"<div data-elementor-type=\"wp-page\" data-elementor-id=\"6\" class=\"elementor elementor-6\" data-elementor-post-type=\"page\">\n\t\t\t\t<div data-particle_enable=\"false\" data-particle-mobile-disabled=\"false\" class=\"elementor-element elementor-element-5750f41 e-con-full e-flex e-con e-parent\" data-id=\"5750f41\" data-element_type=\"container\" data-e-type=\"container\" data-settings=\"{&quot;background_background&quot;:&quot;classic&quot;}\">\n\t\t<div data-particle_enable=\"false\" data-particle-mobile-disabled=\"false\" class=\"elementor-element elementor-element-6565d5e e-con-full e-flex e-con e-child\" data-id=\"6565d5e\" data-element_type=\"container\" data-e-type=\"container\">\n\t\t\t\t<div class=\"elementor-element elementor-element-d755c3c elementor-widget elementor-widget-heading\" data-id=\"d755c3c\" data-element_type=\"widget\" data-e-type=\"widget\" data-widget_type=\"heading.default\">\n\t\t\t\t\t<h2 class=\"elementor-heading-title elementor-size-default\">Cam \u0130\u015fleme Verimlili\u011fini Yeniden Tan\u0131mlamak<\/h2>\t\t\t\t<\/div>\n\t\t\t\t<div class=\"elementor-element elementor-element-cde326f elementor-widget elementor-widget-heading\" data-id=\"cde326f\" data-element_type=\"widget\" data-e-type=\"widget\" data-widget_type=\"heading.default\">\n\t\t\t\t\t<h1 class=\"elementor-heading-title elementor-size-default\">Is\u0131cam ve Pencere Makine \u00c7\u00f6z\u00fcmleri<\/h1>\t\t\t\t<\/div>\n\t\t\t\t<div class=\"elementor-element elementor-element-a77bd7f elementor-view-default elementor-widget elementor-widget-icon\" data-id=\"a77bd7f\" data-element_type=\"widget\" data-e-type=\"widget\" data-widget_type=\"icon.default\">\n\t\t\t\t\t\t\t<div class=\"elementor-icon-wrapper\">\n\t\t\t<div class=\"elementor-icon\">\n\t\t\t<svg aria-hidden=\"true\" class=\"e-font-icon-svg e-fas-long-arrow-alt-down\" viewbox=\"0 0 256 512\" xmlns=\"http:\/\/www.w3.org\/2000\/svg\"><path d=\"M168 345.941V44c0-6.627-5.373-12-12-12h-56c-6.627 0-12 5.373-12 12v301.941H41.941c-21.382 0-32.09 25.851-16.971 40.971l86.059 86.059c9.373 9.373 24.569 9.373 33.941 0l86.059-86.059c15.119-15.119 4.411-40.971-16.971-40.971H168z\"><\/path><\/svg>\t\t\t<\/div>\n\t\t<\/div>\n\t\t\t\t\t\t<\/div>\n\t\t\t\t<\/div>\n\t\t\t\t<\/div>\n\t\t<div data-particle_enable=\"false\" data-particle-mobile-disabled=\"false\" class=\"elementor-element elementor-element-f45bf38 e-con-full e-flex e-con e-parent\" data-id=\"f45bf38\" data-element_type=\"container\" data-e-type=\"container\" data-settings=\"{&quot;background_background&quot;:&quot;classic&quot;}\">\n\t\t<div data-particle_enable=\"false\" data-particle-mobile-disabled=\"false\" class=\"elementor-element elementor-element-7230e4a e-con-full e-flex e-con e-child\" data-id=\"7230e4a\" data-element_type=\"container\" data-e-type=\"container\" data-settings=\"{&quot;background_background&quot;:&quot;classic&quot;}\">\n\t\t\t\t<div class=\"elementor-element elementor-element-6b9e9dd elementor-widget elementor-widget-heading\" data-id=\"6b9e9dd\" data-element_type=\"widget\" data-e-type=\"widget\" data-widget_type=\"heading.default\">\n\t\t\t\t\t<h2 class=\"elementor-heading-title elementor-size-default\">Hakk\u0131m\u0131zda<\/h2>\t\t\t\t<\/div>\n\t\t\t\t<div class=\"elementor-element elementor-element-c1f8a7b elementor-widget elementor-widget-heading\" data-id=\"c1f8a7b\" data-element_type=\"widget\" data-e-type=\"widget\" data-widget_type=\"heading.default\">\n\t\t\t\t\t<h3 class=\"elementor-heading-title elementor-size-default\">Kapsaml\u0131 \u00dcr\u00fcn Portf\u00f6y\u00fc<\/h3>\t\t\t\t<\/div>\n\t\t\t\t<div class=\"elementor-element elementor-element-8af03a4 elementor-widget elementor-widget-text-editor\" data-id=\"8af03a4\" data-element_type=\"widget\" data-e-type=\"widget\" data-widget_type=\"text-editor.default\">\n\t\t\t\t\t\t\t\t\t<p>WONDEC, d\u00fcnya genelindeki fabrikalar i\u00e7in yal\u0131t\u0131m cam\u0131, cam i\u015fleme ve kap\u0131-pencere makineleri konusunda profesyonel bir \u00fcreticidir. Y\u00fcksek verimlilik, hassasiyet ve \u00fcretim g\u00fcvenilirli\u011fini art\u0131rmak \u00fczere tasarlanm\u0131\u015f IG \u00fcretim hatlar\u0131, cam i\u015fleme ekipmanlar\u0131, PVC ve al\u00fcminyum pencere makineleri ve entegre \u00e7\u00f6z\u00fcmler sunmaktay\u0131z.<\/p>\t\t\t\t\t\t\t\t<\/div>\n\t\t\t\t<div class=\"elementor-element elementor-element-a96d93c elementor-widget elementor-widget-image\" data-id=\"a96d93c\" data-element_type=\"widget\" data-e-type=\"widget\" data-widget_type=\"image.default\">\n\t\t\t\t\t\t\t\t\t\t\t\t\t\t\t<img fetchpriority=\"high\" decoding=\"async\" width=\"1536\" height=\"248\" src=\"https:\/\/wondecmachinery.com\/wp-content\/uploads\/2026\/03\/\u5fae\u4fe1\u56fe\u7247_20260128160627_19_3857-1536x248.png\" class=\"attachment-1536x1536 size-1536x1536 wp-image-2661\" alt=\"WONDEC yal\u0131t\u0131m cam\u0131 ve pencere makinalar\u0131 \u00fcreticisi fabrika ekipmanlar\u0131\" srcset=\"https:\/\/wondecmachinery.com\/wp-content\/uploads\/2026\/03\/\u5fae\u4fe1\u56fe\u7247_20260128160627_19_3857-1536x248.png 1536w, https:\/\/wondecmachinery.com\/wp-content\/uploads\/2026\/03\/\u5fae\u4fe1\u56fe\u7247_20260128160627_19_3857-300x48.png 300w, https:\/\/wondecmachinery.com\/wp-content\/uploads\/2026\/03\/\u5fae\u4fe1\u56fe\u7247_20260128160627_19_3857-1024x165.png 1024w, https:\/\/wondecmachinery.com\/wp-content\/uploads\/2026\/03\/\u5fae\u4fe1\u56fe\u7247_20260128160627_19_3857-768x124.png 768w, https:\/\/wondecmachinery.com\/wp-content\/uploads\/2026\/03\/\u5fae\u4fe1\u56fe\u7247_20260128160627_19_3857-2048x330.png 2048w, https:\/\/wondecmachinery.com\/wp-content\/uploads\/2026\/03\/\u5fae\u4fe1\u56fe\u7247_20260128160627_19_3857-18x3.png 18w\" sizes=\"(max-width: 1536px) 100vw, 1536px\" \/>\t\t\t\t\t\t\t\t\t\t\t\t\t\t\t<\/div>\n\t\t\t\t<div class=\"elementor-element elementor-element-a300412 elementor-align-center elementor-widget elementor-widget-button\" data-id=\"a300412\" data-element_type=\"widget\" data-e-type=\"widget\" data-widget_type=\"button.default\">\n\t\t\t\t\t\t\t\t\t\t<a class=\"elementor-button elementor-button-link elementor-size-sm\" href=\"https:\/\/wondecmachinery.com\/tr\/about\/\">\n\t\t\t\t\t\t<span class=\"elementor-button-content-wrapper\">\n\t\t\t\t\t\t\t\t\t<span class=\"elementor-button-text\">Daha Fazla Bilgi Edinin<\/span>\n\t\t\t\t\t<\/span>\n\t\t\t\t\t<\/a>\n\t\t\t\t\t\t\t\t<\/div>\n\t\t\t\t<\/div>\n\t\t\t\t<\/div>\n\t\t<div data-particle_enable=\"false\" data-particle-mobile-disabled=\"false\" class=\"elementor-element elementor-element-e025717 e-flex e-con-boxed e-con e-parent\" data-id=\"e025717\" data-element_type=\"container\" data-e-type=\"container\" data-settings=\"{&quot;background_background&quot;:&quot;classic&quot;}\">\n\t\t\t\t\t<div class=\"e-con-inner\">\n\t\t<div data-particle_enable=\"false\" data-particle-mobile-disabled=\"false\" class=\"elementor-element elementor-element-2a4bcb1 e-con-full e-flex e-con e-child\" data-id=\"2a4bcb1\" data-element_type=\"container\" data-e-type=\"container\">\n\t\t\t\t<div class=\"elementor-element elementor-element-a7ac2cd elementor-widget elementor-widget-heading\" data-id=\"a7ac2cd\" data-element_type=\"widget\" data-e-type=\"widget\" data-widget_type=\"heading.default\">\n\t\t\t\t\t<h2 class=\"elementor-heading-title elementor-size-default\">\u00dcr\u00fcnlerimiz<\/h2>\t\t\t\t<\/div>\n\t\t\t\t<div class=\"elementor-element elementor-element-19fb232 elementor-widget elementor-widget-heading\" data-id=\"19fb232\" data-element_type=\"widget\" data-e-type=\"widget\" data-widget_type=\"heading.default\">\n\t\t\t\t\t<h3 class=\"elementor-heading-title elementor-size-default\">Y\u00fcksek Performansl\u0131 Makinelerle K\u00fcresel \u00dcretimi G\u00fc\u00e7lendirme<\/h3>\t\t\t\t<\/div>\n\t\t\t\t<div class=\"elementor-element elementor-element-f22d729 elementor-widget-divider--view-line elementor-widget elementor-widget-divider\" data-id=\"f22d729\" data-element_type=\"widget\" data-e-type=\"widget\" data-widget_type=\"divider.default\">\n\t\t\t\t\t\t\t<div class=\"elementor-divider\">\n\t\t\t<span class=\"elementor-divider-separator\">\n\t\t\t\t\t\t<\/span>\n\t\t<\/div>\n\t\t\t\t\t\t<\/div>\n\t\t\t\t<div class=\"elementor-element elementor-element-3b6e6ed elementor-widget elementor-widget-heading\" data-id=\"3b6e6ed\" data-element_type=\"widget\" data-e-type=\"widget\" data-widget_type=\"heading.default\">\n\t\t\t\t\t<h4 class=\"elementor-heading-title elementor-size-default\">Geli\u015fmi\u015f Cam \u0130\u015fleme Teknolojisi<\/h4>\t\t\t\t<\/div>\n\t\t\t\t<div class=\"elementor-element elementor-element-df0ed9f elementor-widget elementor-widget-text-editor\" data-id=\"df0ed9f\" data-element_type=\"widget\" data-e-type=\"widget\" data-widget_type=\"text-editor.default\">\n\t\t\t\t\t\t\t\t\t<p><b data-path-to-node=\"9\" data-index-in-node=\"0\">Hassasiyet. Verimlilik. G\u00fcvenilirlik.<\/b> Sekt\u00f6r lideri \u00fcr\u00fcnlerimizle cam \u00fcretiminizi y\u00fckseltin <b data-path-to-node=\"9\" data-index-in-node=\"92\">Yal\u0131t\u0131m Cam\u0131 (IG) hatlar\u0131<\/b> ve derin i\u015flem ekipmanlar\u0131. Otomatik y\u0131kama ve gaz doldurmadan y\u00fcksek h\u0131zl\u0131 CNC kesime kadar Wondec makineleri, en zorlu mimari projeler i\u00e7in \u00fcst\u00fcn termal performans ve yap\u0131sal b\u00fct\u00fcnl\u00fck sa\u011flamak \u00fczere tasarlanm\u0131\u015ft\u0131r.<\/p>\t\t\t\t\t\t\t\t<\/div>\n\t\t\t\t<div class=\"elementor-element elementor-element-44b3c14 elementor-widget-divider--view-line elementor-widget elementor-widget-divider\" data-id=\"44b3c14\" data-element_type=\"widget\" data-e-type=\"widget\" data-widget_type=\"divider.default\">\n\t\t\t\t\t\t\t<div class=\"elementor-divider\">\n\t\t\t<span class=\"elementor-divider-separator\">\n\t\t\t\t\t\t<\/span>\n\t\t<\/div>\n\t\t\t\t\t\t<\/div>\n\t\t\t\t<div class=\"elementor-element elementor-element-c3e0eab elementor-widget elementor-widget-heading\" data-id=\"c3e0eab\" data-element_type=\"widget\" data-e-type=\"widget\" data-widget_type=\"heading.default\">\n\t\t\t\t\t<h4 class=\"elementor-heading-title elementor-size-default\">\u00d6zel Pencere \u00c7\u00f6z\u00fcmleri<\/h4>\t\t\t\t<\/div>\n\t\t\t\t<div class=\"elementor-element elementor-element-c13d548 elementor-widget elementor-widget-text-editor\" data-id=\"c13d548\" data-element_type=\"widget\" data-e-type=\"widget\" data-widget_type=\"text-editor.default\">\n\t\t\t\t\t\t\t\t\t<p><b data-path-to-node=\"11\" data-index-in-node=\"0\">Al\u00fcminyum ve PVC i\u00e7in Sorunsuz \u0130malat.<\/b> Pencereler ve kap\u0131lar \u00fcretim sanat\u0131nda uzmanla\u015f\u0131n, \u00f6zel makinelerimizle y\u00fcksek hassasiyetli \u00e7\u00f6z\u00fcmler sunuyoruz. <b data-path-to-node=\"11\" data-index-in-node=\"153\">\u00c7ift Kafa Testereler, K\u00f6\u015fe Pres Makineleri ve \u00c7ok Eksenli CNC \u0130\u015flem Merkezleri<\/b> Hem al\u00fcminyum hem de uPVC profiller i\u00e7in \u00f6zel olarak tasarlanm\u0131\u015f olup, her \u00e7er\u00e7evenin hava ge\u00e7irmez do\u011frulukta ve profesyonel bir \u015fekilde tamamlanmas\u0131n\u0131 sa\u011flar.<\/p>\t\t\t\t\t\t\t\t<\/div>\n\t\t\t\t<div class=\"elementor-element elementor-element-31108e6 elementor-widget-divider--view-line elementor-widget elementor-widget-divider\" data-id=\"31108e6\" data-element_type=\"widget\" data-e-type=\"widget\" data-widget_type=\"divider.default\">\n\t\t\t\t\t\t\t<div class=\"elementor-divider\">\n\t\t\t<span class=\"elementor-divider-separator\">\n\t\t\t\t\t\t<\/span>\n\t\t<\/div>\n\t\t\t\t\t\t<\/div>\n\t\t\t\t<div class=\"elementor-element elementor-element-a425c2a elementor-widget elementor-widget-heading\" data-id=\"a425c2a\" data-element_type=\"widget\" data-e-type=\"widget\" data-widget_type=\"heading.default\">\n\t\t\t\t\t<h4 class=\"elementor-heading-title elementor-size-default\">Entegre \u00dcretim ve Otomasyon<\/h4>\t\t\t\t<\/div>\n\t\t\t\t<div class=\"elementor-element elementor-element-affef07 elementor-widget elementor-widget-text-editor\" data-id=\"affef07\" data-element_type=\"widget\" data-e-type=\"widget\" data-widget_type=\"text-editor.default\">\n\t\t\t\t\t\t\t\t\t<p><b data-path-to-node=\"13\" data-index-in-node=\"0\">Tek Bireysel Birimlerden Tam Fabrika Hatlar\u0131na.<\/b> Wondec, bireysel makinelerin \u00f6tesinde <b data-path-to-node=\"13\" data-index-in-node=\"83\">kapsaml\u0131 \u00e7\u00f6z\u00fcm setleri<\/b> T\u00fcm i\u015f ak\u0131\u015f\u0131n\u0131z\u0131 kolayla\u015ft\u0131ran. Ekipmanlar\u0131m\u0131z, \u00fcretiminizi ve yat\u0131r\u0131m getirinizi en \u00fcst d\u00fczeye \u00e7\u0131karmak i\u00e7in ar\u0131za s\u00fcresini en aza indirmek amac\u0131yla ak\u0131ll\u0131 yaz\u0131l\u0131m kontrol\u00fcn\u00fc sa\u011flam donan\u0131mla birle\u015ftiren a\u011f\u0131r hizmet tipi end\u00fcstriyel kullan\u0131ma g\u00f6re tasarlanm\u0131\u015ft\u0131r.<\/p>\t\t\t\t\t\t\t\t<\/div>\n\t\t\t\t<\/div>\n\t\t<div data-particle_enable=\"false\" data-particle-mobile-disabled=\"false\" class=\"elementor-element elementor-element-d53a39b e-con-full e-flex e-con e-child\" data-id=\"d53a39b\" data-element_type=\"container\" data-e-type=\"container\">\n\t\t\t\t<div class=\"elementor-element elementor-element-15556cd elementor-widget elementor-widget-heading\" data-id=\"15556cd\" data-element_type=\"widget\" data-e-type=\"widget\" data-widget_type=\"heading.default\">\n\t\t\t\t\t<h2 class=\"elementor-heading-title elementor-size-default\">Neden Yal\u0131t\u0131ml\u0131 Cam ve Pencere Makinalar\u0131 \u00dcreticiniz Olarak WONDEC'i Se\u00e7melisiniz<\/h2>\t\t\t\t<\/div>\n\t\t\t\t<div class=\"elementor-element elementor-element-d3601a2 elementor-align-left elementor-widget elementor-widget-button\" data-id=\"d3601a2\" data-element_type=\"widget\" data-e-type=\"widget\" data-widget_type=\"button.default\">\n\t\t\t\t\t\t\t\t\t\t<a class=\"elementor-button elementor-button-link elementor-size-sm\" href=\"https:\/\/wondecmachinery.com\/tr\/urun\/\">\n\t\t\t\t\t\t<span class=\"elementor-button-content-wrapper\">\n\t\t\t\t\t\t\t\t\t<span class=\"elementor-button-text\">Daha Fazla Bilgi Edinin<\/span>\n\t\t\t\t\t<\/span>\n\t\t\t\t\t<\/a>\n\t\t\t\t\t\t\t\t<\/div>\n\t\t\t\t<\/div>\n\t\t\t\t\t<\/div>\n\t\t\t\t<\/div>\n\t\t<div data-particle_enable=\"false\" data-particle-mobile-disabled=\"false\" class=\"elementor-element elementor-element-ad6984f e-flex e-con-boxed e-con e-parent\" data-id=\"ad6984f\" data-element_type=\"container\" data-e-type=\"container\">\n\t\t\t\t\t<div class=\"e-con-inner\">\n\t\t<div data-particle_enable=\"false\" data-particle-mobile-disabled=\"false\" class=\"elementor-element elementor-element-92774d9 e-con-full e-flex e-con e-child\" data-id=\"92774d9\" data-element_type=\"container\" data-e-type=\"container\">\n\t\t\t\t<div class=\"elementor-element elementor-element-65792cb elementor-widget elementor-widget-heading\" data-id=\"65792cb\" data-element_type=\"widget\" data-e-type=\"widget\" data-widget_type=\"heading.default\">\n\t\t\t\t\t<h3 class=\"elementor-heading-title elementor-size-default\">Need the Right Machinery for Your Factory? Talk to WONDEC.<\/h3>\t\t\t\t<\/div>\n\t\t\t\t<\/div>\n\t\t<div data-particle_enable=\"false\" data-particle-mobile-disabled=\"false\" class=\"elementor-element elementor-element-c8a6127 e-con-full e-flex e-con e-child\" data-id=\"c8a6127\" data-element_type=\"container\" data-e-type=\"container\">\n\t\t\t\t<div class=\"elementor-element elementor-element-1eef9d6 elementor-align-right elementor-widget elementor-widget-button\" data-id=\"1eef9d6\" data-element_type=\"widget\" data-e-type=\"widget\" data-widget_type=\"button.default\">\n\t\t\t\t\t\t\t\t\t\t<a class=\"elementor-button elementor-button-link elementor-size-sm\" href=\"https:\/\/wondecmachinery.com\/tr\/contact\/\">\n\t\t\t\t\t\t<span class=\"elementor-button-content-wrapper\">\n\t\t\t\t\t\t\t\t\t<span class=\"elementor-button-text\">\u0130leti\u015fim<\/span>\n\t\t\t\t\t<\/span>\n\t\t\t\t\t<\/a>\n\t\t\t\t\t\t\t\t<\/div>\n\t\t\t\t<\/div>\n\t\t\t\t\t<\/div>\n\t\t\t\t<\/div>\n\t\t\t\t<\/div>","protected":false},"excerpt":{"rendered":"<p>Redefining Glass Processing Efficiency Insulating Glass &amp; Window Machinery Solutions About Us Comprehensive Product Portfolio WONDEC is a professional manufacturer of insulating glass, glass processing, and door-window machinery for factories worldwide. We provide IG production lines, glass processing equipment, PVC and aluminum window machinery, and integrated solutions designed to improve efficiency, precision, and production reliability. [&hellip;]<\/p>\n","protected":false},"author":1,"featured_media":2267,"parent":0,"menu_order":0,"comment_status":"closed","ping_status":"closed","template":"","meta":{"_uag_custom_page_level_css":"","site-sidebar-layout":"no-sidebar","site-content-layout":"page-builder","ast-site-content-layout":"default","site-content-style":"default","site-sidebar-style":"default","ast-global-header-display":"","ast-banner-title-visibility":"","ast-main-header-display":"","ast-hfb-above-header-display":"","ast-hfb-below-header-display":"","ast-hfb-mobile-header-display":"","site-post-title":"disabled","ast-breadcrumbs-content":"","ast-featured-img":"disabled","footer-sml-layout":"","ast-disable-related-posts":"","theme-transparent-header-meta":"enabled","adv-header-id-meta":"","stick-header-meta":"","header-above-stick-meta":"","header-main-stick-meta":"","header-below-stick-meta":"","astra-migrate-meta-layouts":"default","ast-page-background-enabled":"default","ast-page-background-meta":{"desktop":{"background-color":"","background-image":"","background-repeat":"repeat","background-position":"center center","background-size":"auto","background-attachment":"scroll","background-type":"","background-media":"","overlay-type":"","overlay-color":"","overlay-opacity":"","overlay-gradient":""},"tablet":{"background-color":"","background-image":"","background-repeat":"repeat","background-position":"center center","background-size":"auto","background-attachment":"scroll","background-type":"","background-media":"","overlay-type":"","overlay-color":"","overlay-opacity":"","overlay-gradient":""},"mobile":{"background-color":"","background-image":"","background-repeat":"repeat","background-position":"center center","background-size":"auto","background-attachment":"scroll","background-type":"","background-media":"","overlay-type":"","overlay-color":"","overlay-opacity":"","overlay-gradient":""}},"ast-content-background-meta":{"desktop":{"background-color":"var(--ast-global-color-5)","background-image":"","background-repeat":"repeat","background-position":"center center","background-size":"auto","background-attachment":"scroll","background-type":"","background-media":"","overlay-type":"","overlay-color":"","overlay-opacity":"","overlay-gradient":""},"tablet":{"background-color":"var(--ast-global-color-5)","background-image":"","background-repeat":"repeat","background-position":"center center","background-size":"auto","background-attachment":"scroll","background-type":"","background-media":"","overlay-type":"","overlay-color":"","overlay-opacity":"","overlay-gradient":""},"mobile":{"background-color":"var(--ast-global-color-5)","background-image":"","background-repeat":"repeat","background-position":"center center","background-size":"auto","background-attachment":"scroll","background-type":"","background-media":"","overlay-type":"","overlay-color":"","overlay-opacity":"","overlay-gradient":""}},"footnotes":""},"class_list":["post-6","page","type-page","status-publish","has-post-thumbnail","hentry"],"_hostinger_reach_plugin_has_subscription_block":false,"_hostinger_reach_plugin_is_elementor":false,"uagb_featured_image_src":{"full":["https:\/\/wondecmachinery.com\/wp-content\/uploads\/2026\/02\/\u5fae\u4fe1\u56fe\u7247_20260128161932_53_3857-scaled.jpg",2560,1703,false],"thumbnail":["https:\/\/wondecmachinery.com\/wp-content\/uploads\/2026\/02\/\u5fae\u4fe1\u56fe\u7247_20260128161932_53_3857-150x150.jpg",150,150,true],"medium":["https:\/\/wondecmachinery.com\/wp-content\/uploads\/2026\/02\/\u5fae\u4fe1\u56fe\u7247_20260128161932_53_3857-300x200.jpg",300,200,true],"medium_large":["https:\/\/wondecmachinery.com\/wp-content\/uploads\/2026\/02\/\u5fae\u4fe1\u56fe\u7247_20260128161932_53_3857-768x511.jpg",768,511,true],"large":["https:\/\/wondecmachinery.com\/wp-content\/uploads\/2026\/02\/\u5fae\u4fe1\u56fe\u7247_20260128161932_53_3857-1024x681.jpg",1024,681,true],"1536x1536":["https:\/\/wondecmachinery.com\/wp-content\/uploads\/2026\/02\/\u5fae\u4fe1\u56fe\u7247_20260128161932_53_3857-1536x1022.jpg",1536,1022,true],"2048x2048":["https:\/\/wondecmachinery.com\/wp-content\/uploads\/2026\/02\/\u5fae\u4fe1\u56fe\u7247_20260128161932_53_3857-2048x1363.jpg",2048,1363,true],"trp-custom-language-flag":["https:\/\/wondecmachinery.com\/wp-content\/uploads\/2026\/02\/\u5fae\u4fe1\u56fe\u7247_20260128161932_53_3857-18x12.jpg",18,12,true]},"uagb_author_info":{"display_name":"WONDEC","author_link":"https:\/\/wondecmachinery.com\/tr\/author\/wondecmachinerygmail-com\/"},"uagb_comment_info":0,"uagb_excerpt":"Redefining Glass Processing Efficiency Insulating Glass &amp; Window Machinery Solutions About Us Comprehensive Product Portfolio WONDEC is a professional manufacturer of insulating glass, glass processing, and door-window machinery for factories worldwide. We provide IG production lines, glass processing equipment, PVC and aluminum window machinery, and integrated solutions designed to improve efficiency, precision, and production reliability.&hellip;","meta_box":{"about_certs":[],"about_video_url":"","about_stats_group":[],"about_service_desc":""},"_links":{"self":[{"href":"https:\/\/wondecmachinery.com\/tr\/wp-json\/wp\/v2\/pages\/6","targetHints":{"allow":["GET"]}}],"collection":[{"href":"https:\/\/wondecmachinery.com\/tr\/wp-json\/wp\/v2\/pages"}],"about":[{"href":"https:\/\/wondecmachinery.com\/tr\/wp-json\/wp\/v2\/types\/page"}],"author":[{"embeddable":true,"href":"https:\/\/wondecmachinery.com\/tr\/wp-json\/wp\/v2\/users\/1"}],"replies":[{"embeddable":true,"href":"https:\/\/wondecmachinery.com\/tr\/wp-json\/wp\/v2\/comments?post=6"}],"version-history":[{"count":37,"href":"https:\/\/wondecmachinery.com\/tr\/wp-json\/wp\/v2\/pages\/6\/revisions"}],"predecessor-version":[{"id":2715,"href":"https:\/\/wondecmachinery.com\/tr\/wp-json\/wp\/v2\/pages\/6\/revisions\/2715"}],"wp:featuredmedia":[{"embeddable":true,"href":"https:\/\/wondecmachinery.com\/tr\/wp-json\/wp\/v2\/media\/2267"}],"wp:attachment":[{"href":"https:\/\/wondecmachinery.com\/tr\/wp-json\/wp\/v2\/media?parent=6"}],"curies":[{"name":"wp","href":"https:\/\/api.w.org\/{rel}","templated":true}]}}