{"id":2430,"date":"2026-02-27T02:49:21","date_gmt":"2026-02-27T02:49:21","guid":{"rendered":"https:\/\/wondecmachinery.com\/?post_type=product&#038;p=2430"},"modified":"2026-03-24T05:16:34","modified_gmt":"2026-03-24T05:16:34","slug":"warm-edge-technology-automatic-insulating-glass-gas-filling-production-line","status":"publish","type":"product","link":"https:\/\/wondecmachinery.com\/ar\/products\/warm-edge-technology-automatic-insulating-glass-gas-filling-production-line\/","title":{"rendered":"Warm Edge Technology Automatic Insulating Glass Gas Filling Production Line"},"content":{"rendered":"<figure class=\"wp-block-table\"><table class=\"has-fixed-layout\"><tbody><tr><td class=\"has-text-align-center\" data-align=\"center\"><\/td><td class=\"has-text-align-center\" data-align=\"center\">WT2735<\/td><td class=\"has-text-align-center\" data-align=\"center\">WT2750<\/td><\/tr><tr><td class=\"has-text-align-center\" data-align=\"center\">Max. Glass size<\/td><td class=\"has-text-align-center\" data-align=\"center\">2700\u00d73500mm<\/td><td class=\"has-text-align-center\" data-align=\"center\">2700\u00d75000mm<\/td><\/tr><tr><td class=\"has-text-align-center\" data-align=\"center\">Min. Glass size<\/td><td class=\"has-text-align-center\" data-align=\"center\">280\u00d7450mm<\/td><td class=\"has-text-align-center\" data-align=\"center\">280\u00d7450mm<\/td><\/tr><tr><td class=\"has-text-align-center\" data-align=\"center\">Single glass thickness<\/td><td class=\"has-text-align-center\" data-align=\"center\">3~45mm<\/td><td class=\"has-text-align-center\" data-align=\"center\">3~45mm<\/td><\/tr><tr><td class=\"has-text-align-center\" data-align=\"center\">Spacer width<\/td><td class=\"has-text-align-center\" data-align=\"center\">5~19mm<\/td><td class=\"has-text-align-center\" data-align=\"center\">5~19mm<\/td><\/tr><tr><td class=\"has-text-align-center\" data-align=\"center\">Spacer thickness<\/td><td class=\"has-text-align-center\" data-align=\"center\">5.8\/6.8\/7.8mm(optional)<\/td><td class=\"has-text-align-center\" data-align=\"center\">5.8\/6.8\/7.8mm(optional)<\/td><\/tr><tr><td class=\"has-text-align-center\" data-align=\"center\">IG thickness<\/td><td class=\"has-text-align-center\" data-align=\"center\">12~80mm<\/td><td class=\"has-text-align-center\" data-align=\"center\">12~80mm<\/td><\/tr><tr><td class=\"has-text-align-center\" data-align=\"center\">Glass washing speed<\/td><td class=\"has-text-align-center\" data-align=\"center\">1~10m\/min<\/td><td class=\"has-text-align-center\" data-align=\"center\">1~10m\/min<\/td><\/tr><tr><td class=\"has-text-align-center\" data-align=\"center\">Working speed<\/td><td class=\"has-text-align-center\" data-align=\"center\">1~50m\/min<\/td><td class=\"has-text-align-center\" data-align=\"center\">1~50m\/min<\/td><\/tr><\/tbody><\/table><\/figure>\n\n\n\n<p><\/p>","protected":false},"excerpt":{"rendered":"<p>WT2735 WT2750 Max. Glass size 2700\u00d73500mm 2700\u00d75000mm Min. Glass size 280\u00d7450mm 280\u00d7450mm Single glass thickness 3~45mm 3~45mm Spacer width 5~19mm 5~19mm Spacer thickness 5.8\/6.8\/7.8mm(optional) 5.8\/6.8\/7.8mm(optional) IG thickness 12~80mm 12~80mm Glass washing speed 1~10m\/min 1~10m\/min Working speed 1~50m\/min 1~50m\/min<\/p>","protected":false},"featured_media":2116,"template":"","meta":{"_uag_custom_page_level_css":"","site-sidebar-layout":"default","site-content-layout":"","ast-site-content-layout":"default","site-content-style":"default","site-sidebar-style":"default","ast-global-header-display":"","ast-banner-title-visibility":"","ast-main-header-display":"","ast-hfb-above-header-display":"","ast-hfb-below-header-display":"","ast-hfb-mobile-header-display":"","site-post-title":"","ast-breadcrumbs-content":"","ast-featured-img":"","footer-sml-layout":"","ast-disable-related-posts":"","theme-transparent-header-meta":"","adv-header-id-meta":"","stick-header-meta":"","header-above-stick-meta":"","header-main-stick-meta":"","header-below-stick-meta":"","astra-migrate-meta-layouts":"set","ast-page-background-enabled":"default","ast-page-background-meta":{"desktop":{"background-color":"","background-image":"","background-repeat":"repeat","background-position":"center center","background-size":"auto","background-attachment":"scroll","background-type":"","background-media":"","overlay-type":"","overlay-color":"","overlay-opacity":"","overlay-gradient":""},"tablet":{"background-color":"","background-image":"","background-repeat":"repeat","background-position":"center center","background-size":"auto","background-attachment":"scroll","background-type":"","background-media":"","overlay-type":"","overlay-color":"","overlay-opacity":"","overlay-gradient":""},"mobile":{"background-color":"","background-image":"","background-repeat":"repeat","background-position":"center center","background-size":"auto","background-attachment":"scroll","background-type":"","background-media":"","overlay-type":"","overlay-color":"","overlay-opacity":"","overlay-gradient":""}},"ast-content-background-meta":{"desktop":{"background-color":"var(--ast-global-color-5)","background-image":"","background-repeat":"repeat","background-position":"center center","background-size":"auto","background-attachment":"scroll","background-type":"","background-media":"","overlay-type":"","overlay-color":"","overlay-opacity":"","overlay-gradient":""},"tablet":{"background-color":"var(--ast-global-color-5)","background-image":"","background-repeat":"repeat","background-position":"center center","background-size":"auto","background-attachment":"scroll","background-type":"","background-media":"","overlay-type":"","overlay-color":"","overlay-opacity":"","overlay-gradient":""},"mobile":{"background-color":"var(--ast-global-color-5)","background-image":"","background-repeat":"repeat","background-position":"center center","background-size":"auto","background-attachment":"scroll","background-type":"","background-media":"","overlay-type":"","overlay-color":"","overlay-opacity":"","overlay-gradient":""}}},"product-category":[42],"class_list":["post-2430","product","type-product","status-publish","has-post-thumbnail","hentry","product-category-insulating-glass-equipment"],"uagb_featured_image_src":{"full":["https:\/\/wondecmachinery.com\/wp-content\/uploads\/2026\/01\/vlcsnap-2026-01-30-09h29m47s714-scaled.png",2560,1440,false],"thumbnail":["https:\/\/wondecmachinery.com\/wp-content\/uploads\/2026\/01\/vlcsnap-2026-01-30-09h29m47s714-150x150.png",150,150,true],"medium":["https:\/\/wondecmachinery.com\/wp-content\/uploads\/2026\/01\/vlcsnap-2026-01-30-09h29m47s714-300x169.png",300,169,true],"medium_large":["https:\/\/wondecmachinery.com\/wp-content\/uploads\/2026\/01\/vlcsnap-2026-01-30-09h29m47s714-768x432.png",768,432,true],"large":["https:\/\/wondecmachinery.com\/wp-content\/uploads\/2026\/01\/vlcsnap-2026-01-30-09h29m47s714-1024x576.png",1024,576,true],"1536x1536":["https:\/\/wondecmachinery.com\/wp-content\/uploads\/2026\/01\/vlcsnap-2026-01-30-09h29m47s714-1536x864.png",1536,864,true],"2048x2048":["https:\/\/wondecmachinery.com\/wp-content\/uploads\/2026\/01\/vlcsnap-2026-01-30-09h29m47s714-2048x1152.png",2048,1152,true],"trp-custom-language-flag":["https:\/\/wondecmachinery.com\/wp-content\/uploads\/2026\/01\/vlcsnap-2026-01-30-09h29m47s714-18x10.png",18,10,true]},"uagb_author_info":{"display_name":"WONDEC","author_link":"https:\/\/wondecmachinery.com\/ar\/author\/"},"uagb_comment_info":0,"uagb_excerpt":"WT2735 WT2750 Max. Glass size 2700\u00d73500mm 2700\u00d75000mm Min. Glass size 280\u00d7450mm 280\u00d7450mm Single glass thickness 3~45mm 3~45mm Spacer width 5~19mm 5~19mm Spacer thickness 5.8\/6.8\/7.8mm(optional) 5.8\/6.8\/7.8mm(optional) IG thickness 12~80mm 12~80mm Glass washing speed 1~10m\/min 1~10m\/min Working speed 1~50m\/min 1~50m\/min","meta_box":{"product_gallery":[{"width":150,"height":150,"file":"2026\/02\/WT2735_01.jpg","filesize":143756,"sizes":{"medium":{"file":"WT2735_01-290x300.jpg","width":290,"height":300,"mime-type":"image\/jpeg","filesize":6484,"url":"https:\/\/wondecmachinery.com\/wp-content\/uploads\/2026\/02\/WT2735_01-290x300.jpg"},"thumbnail":{"file":"WT2735_01-150x150.jpg","width":150,"height":150,"mime-type":"image\/jpeg","filesize":2977,"url":"https:\/\/wondecmachinery.com\/wp-content\/uploads\/2026\/02\/WT2735_01-150x150.jpg"},"medium_large":{"file":"WT2735_01-768x794.jpg","width":768,"height":794,"mime-type":"image\/jpeg","filesize":30088,"url":"https:\/\/wondecmachinery.com\/wp-content\/uploads\/2026\/02\/WT2735_01-768x794.jpg"},"trp-custom-language-flag":{"file":"WT2735_01-12x12.jpg","width":12,"height":12,"mime-type":"image\/jpeg","filesize":1187,"url":"https:\/\/wondecmachinery.com\/wp-content\/uploads\/2026\/02\/WT2735_01-12x12.jpg"}},"image_meta":{"aperture":"0","credit":"","camera":"","caption":"","created_timestamp":"0","copyright":"","focal_length":"0","iso":"0","shutter_speed":"0","title":"","orientation":"0","keywords":[]},"ID":"2432","name":"WT2735_01.jpg","path":"\/home\/u125175156\/domains\/wondecmachinery.com\/public_html\/wp-content\/uploads\/2026\/02\/WT2735_01.jpg","url":"https:\/\/wondecmachinery.com\/wp-content\/uploads\/2026\/02\/WT2735_01-150x150.jpg","full_url":"https:\/\/wondecmachinery.com\/wp-content\/uploads\/2026\/02\/WT2735_01.jpg","title":"WT2735_01","caption":"","description":"","alt":"","srcset":"https:\/\/wondecmachinery.com\/wp-content\/uploads\/2026\/02\/WT2735_01-150x150.jpg 150w, https:\/\/wondecmachinery.com\/wp-content\/uploads\/2026\/02\/WT2735_01-12x12.jpg 12w"},{"width":150,"height":150,"file":"2026\/02\/WT2735_02.jpg","filesize":258778,"sizes":{"medium":{"file":"WT2735_02-290x300.jpg","width":290,"height":300,"mime-type":"image\/jpeg","filesize":11113,"url":"https:\/\/wondecmachinery.com\/wp-content\/uploads\/2026\/02\/WT2735_02-290x300.jpg"},"thumbnail":{"file":"WT2735_02-150x150.jpg","width":150,"height":150,"mime-type":"image\/jpeg","filesize":4352,"url":"https:\/\/wondecmachinery.com\/wp-content\/uploads\/2026\/02\/WT2735_02-150x150.jpg"},"medium_large":{"file":"WT2735_02-768x795.jpg","width":768,"height":795,"mime-type":"image\/jpeg","filesize":51550,"url":"https:\/\/wondecmachinery.com\/wp-content\/uploads\/2026\/02\/WT2735_02-768x795.jpg"},"trp-custom-language-flag":{"file":"WT2735_02-12x12.jpg","width":12,"height":12,"mime-type":"image\/jpeg","filesize":1220,"url":"https:\/\/wondecmachinery.com\/wp-content\/uploads\/2026\/02\/WT2735_02-12x12.jpg"}},"image_meta":{"aperture":"0","credit":"","camera":"","caption":"","created_timestamp":"0","copyright":"","focal_length":"0","iso":"0","shutter_speed":"0","title":"","orientation":"0","keywords":[]},"ID":"2433","name":"WT2735_02.jpg","path":"\/home\/u125175156\/domains\/wondecmachinery.com\/public_html\/wp-content\/uploads\/2026\/02\/WT2735_02.jpg","url":"https:\/\/wondecmachinery.com\/wp-content\/uploads\/2026\/02\/WT2735_02-150x150.jpg","full_url":"https:\/\/wondecmachinery.com\/wp-content\/uploads\/2026\/02\/WT2735_02.jpg","title":"WT2735_02","caption":"","description":"","alt":"","srcset":"https:\/\/wondecmachinery.com\/wp-content\/uploads\/2026\/02\/WT2735_02-150x150.jpg 150w, https:\/\/wondecmachinery.com\/wp-content\/uploads\/2026\/02\/WT2735_02-12x12.jpg 12w"},{"width":150,"height":150,"file":"2026\/02\/WT2735_03.jpg","filesize":259519,"sizes":{"medium":{"file":"WT2735_03-290x300.jpg","width":290,"height":300,"mime-type":"image\/jpeg","filesize":10073,"url":"https:\/\/wondecmachinery.com\/wp-content\/uploads\/2026\/02\/WT2735_03-290x300.jpg"},"thumbnail":{"file":"WT2735_03-150x150.jpg","width":150,"height":150,"mime-type":"image\/jpeg","filesize":4080,"url":"https:\/\/wondecmachinery.com\/wp-content\/uploads\/2026\/02\/WT2735_03-150x150.jpg"},"medium_large":{"file":"WT2735_03-768x794.jpg","width":768,"height":794,"mime-type":"image\/jpeg","filesize":48321,"url":"https:\/\/wondecmachinery.com\/wp-content\/uploads\/2026\/02\/WT2735_03-768x794.jpg"},"trp-custom-language-flag":{"file":"WT2735_03-12x12.jpg","width":12,"height":12,"mime-type":"image\/jpeg","filesize":1234,"url":"https:\/\/wondecmachinery.com\/wp-content\/uploads\/2026\/02\/WT2735_03-12x12.jpg"}},"image_meta":{"aperture":"0","credit":"","camera":"","caption":"","created_timestamp":"0","copyright":"","focal_length":"0","iso":"0","shutter_speed":"0","title":"","orientation":"0","keywords":[]},"ID":"2434","name":"WT2735_03.jpg","path":"\/home\/u125175156\/domains\/wondecmachinery.com\/public_html\/wp-content\/uploads\/2026\/02\/WT2735_03.jpg","url":"https:\/\/wondecmachinery.com\/wp-content\/uploads\/2026\/02\/WT2735_03-150x150.jpg","full_url":"https:\/\/wondecmachinery.com\/wp-content\/uploads\/2026\/02\/WT2735_03.jpg","title":"WT2735_03","caption":"","description":"","alt":"","srcset":"https:\/\/wondecmachinery.com\/wp-content\/uploads\/2026\/02\/WT2735_03-150x150.jpg 150w, https:\/\/wondecmachinery.com\/wp-content\/uploads\/2026\/02\/WT2735_03-12x12.jpg 12w"},{"width":150,"height":150,"file":"2026\/02\/WT2735_04.jpg","filesize":242519,"sizes":{"medium":{"file":"WT2735_04-290x300.jpg","width":290,"height":300,"mime-type":"image\/jpeg","filesize":11012,"url":"https:\/\/wondecmachinery.com\/wp-content\/uploads\/2026\/02\/WT2735_04-290x300.jpg"},"thumbnail":{"file":"WT2735_04-150x150.jpg","width":150,"height":150,"mime-type":"image\/jpeg","filesize":4427,"url":"https:\/\/wondecmachinery.com\/wp-content\/uploads\/2026\/02\/WT2735_04-150x150.jpg"},"medium_large":{"file":"WT2735_04-768x795.jpg","width":768,"height":795,"mime-type":"image\/jpeg","filesize":49231,"url":"https:\/\/wondecmachinery.com\/wp-content\/uploads\/2026\/02\/WT2735_04-768x795.jpg"},"trp-custom-language-flag":{"file":"WT2735_04-12x12.jpg","width":12,"height":12,"mime-type":"image\/jpeg","filesize":1223,"url":"https:\/\/wondecmachinery.com\/wp-content\/uploads\/2026\/02\/WT2735_04-12x12.jpg"}},"image_meta":{"aperture":"0","credit":"","camera":"","caption":"","created_timestamp":"0","copyright":"","focal_length":"0","iso":"0","shutter_speed":"0","title":"","orientation":"0","keywords":[]},"ID":"2435","name":"WT2735_04.jpg","path":"\/home\/u125175156\/domains\/wondecmachinery.com\/public_html\/wp-content\/uploads\/2026\/02\/WT2735_04.jpg","url":"https:\/\/wondecmachinery.com\/wp-content\/uploads\/2026\/02\/WT2735_04-150x150.jpg","full_url":"https:\/\/wondecmachinery.com\/wp-content\/uploads\/2026\/02\/WT2735_04.jpg","title":"WT2735_04","caption":"","description":"","alt":"","srcset":"https:\/\/wondecmachinery.com\/wp-content\/uploads\/2026\/02\/WT2735_04-150x150.jpg 150w, https:\/\/wondecmachinery.com\/wp-content\/uploads\/2026\/02\/WT2735_04-12x12.jpg 12w"}],"product_gallery_single":[],"product_model":"WT2735 \/ WT2750","product_summary":"The WONDEC TPE series is a cutting-edge production line specifically designed for the automated manufacturing of thermoplastic warm-edge insulated glass units (IGUs). By integrating high-precision TPE coating application with efficient gas filling and assembly, this line ensures superior sealing performance and exceptional thermal insulation.","detailed_description":"<p data-path-to-node=\"11\"><b data-path-to-node=\"11\" data-index-in-node=\"0\">Key Highlights:<\/b><\/p>\n<ul data-path-to-node=\"12\">\n<li>\n<p data-path-to-node=\"12,0,0\"><b data-path-to-node=\"12,0,0\" data-index-in-node=\"0\">Precision TPE Application:<\/b> Features advanced TPE coating application with high-speed dispensing, boosting productivity by approximately 30% compared to manual coating processes.<\/p>\n<\/li>\n<li>\n<p data-path-to-node=\"12,1,0\"><b data-path-to-node=\"12,1,0\" data-index-in-node=\"0\">Rapid Gas Filling &amp; Assembly:<\/b> Achieves rapid gas filling with concentrations exceeding 90% alongside precise glass assembly.<\/p>\n<\/li>\n<li>\n<p data-path-to-node=\"12,2,0\"><b data-path-to-node=\"12,2,0\" data-index-in-node=\"0\">Seamless Mode Switching:<\/b> Offers one-click switching between TPE and traditional aluminum spacer processes, providing maximum operational flexibility.<\/p>\n<\/li>\n<li>\n<p data-path-to-node=\"12,3,0\"><b data-path-to-node=\"12,3,0\" data-index-in-node=\"0\">Ergonomic Inspection Station:<\/b> The inspection scale features a specially coated backboard that minimizes eye strain while ensuring full visibility without blind spots.<\/p>\n<\/li>\n<li>\n<p data-path-to-node=\"12,4,0\"><b data-path-to-node=\"12,4,0\" data-index-in-node=\"0\">Intelligent Control &amp; Monitoring:<\/b> Fully controlled by PLC+VFD via a touchscreen interface for live monitoring; gas filling and pressing utilize servo-controlled precision alignment.<\/p>\n<\/li>\n<\/ul>\n","product_specifications":["<p><!-- wp:table --><\/p>\n<figure class=\"wp-block-table\">\n<table class=\"has-fixed-layout\">\n<tbody>\n<tr>\n<td class=\"has-text-align-center\" data-align=\"center\">\u00a0<\/td>\n<td class=\"has-text-align-center\" data-align=\"center\">WT2735<\/td>\n<td class=\"has-text-align-center\" data-align=\"center\">WT2750<\/td>\n<\/tr>\n<tr>\n<td class=\"has-text-align-center\" data-align=\"center\">Max. Glass size<\/td>\n<td class=\"has-text-align-center\" data-align=\"center\">2700\u00d73500mm<\/td>\n<td class=\"has-text-align-center\" data-align=\"center\">2700\u00d75000mm<\/td>\n<\/tr>\n<tr>\n<td class=\"has-text-align-center\" data-align=\"center\">Min. Glass size<\/td>\n<td class=\"has-text-align-center\" data-align=\"center\">280\u00d7450mm<\/td>\n<td class=\"has-text-align-center\" data-align=\"center\">280\u00d7450mm<\/td>\n<\/tr>\n<tr>\n<td class=\"has-text-align-center\" data-align=\"center\">Single glass thickness<\/td>\n<td class=\"has-text-align-center\" data-align=\"center\">3~45mm<\/td>\n<td class=\"has-text-align-center\" data-align=\"center\">3~45mm<\/td>\n<\/tr>\n<tr>\n<td class=\"has-text-align-center\" data-align=\"center\">Spacer width<\/td>\n<td class=\"has-text-align-center\" data-align=\"center\">5~19mm<\/td>\n<td class=\"has-text-align-center\" data-align=\"center\">5~19mm<\/td>\n<\/tr>\n<tr>\n<td class=\"has-text-align-center\" data-align=\"center\">Spacer thickness<\/td>\n<td class=\"has-text-align-center\" data-align=\"center\">5.8\/6.8\/7.8mm(optional)<\/td>\n<td class=\"has-text-align-center\" data-align=\"center\">5.8\/6.8\/7.8mm(optional)<\/td>\n<\/tr>\n<tr>\n<td class=\"has-text-align-center\" data-align=\"center\">IG thickness<\/td>\n<td class=\"has-text-align-center\" data-align=\"center\">12~80mm<\/td>\n<td class=\"has-text-align-center\" data-align=\"center\">12~80mm<\/td>\n<\/tr>\n<tr>\n<td class=\"has-text-align-center\" data-align=\"center\">Glass washing speed<\/td>\n<td class=\"has-text-align-center\" data-align=\"center\">1~10m\/min<\/td>\n<td class=\"has-text-align-center\" data-align=\"center\">1~10m\/min<\/td>\n<\/tr>\n<tr>\n<td class=\"has-text-align-center\" data-align=\"center\">Working speed<\/td>\n<td class=\"has-text-align-center\" data-align=\"center\">1~50m\/min<\/td>\n<td class=\"has-text-align-center\" data-align=\"center\">1~50m\/min<\/td>\n<\/tr>\n<\/tbody>\n<\/table>\n<\/figure>\n<p><!-- \/wp:table --><\/p>\n"],"detail_images":[{"width":150,"height":150,"file":"2026\/01\/\u5fae\u4fe1\u56fe\u7247_20260128161403_44_3857-scaled.jpg","filesize":1321824,"sizes":{"medium":{"file":"\u5fae\u4fe1\u56fe\u7247_20260128161403_44_3857-300x167.jpg","width":300,"height":167,"mime-type":"image\/jpeg","filesize":587766,"url":"https:\/\/wondecmachinery.com\/wp-content\/uploads\/2026\/01\/\u5fae\u4fe1\u56fe\u7247_20260128161403_44_3857-300x167.jpg"},"large":{"file":"\u5fae\u4fe1\u56fe\u7247_20260128161403_44_3857-1024x570.jpg","width":1024,"height":570,"mime-type":"image\/jpeg","filesize":725745,"url":"https:\/\/wondecmachinery.com\/wp-content\/uploads\/2026\/01\/\u5fae\u4fe1\u56fe\u7247_20260128161403_44_3857-1024x570.jpg"},"thumbnail":{"file":"\u5fae\u4fe1\u56fe\u7247_20260128161403_44_3857-150x150.jpg","width":150,"height":150,"mime-type":"image\/jpeg","filesize":578913,"url":"https:\/\/wondecmachinery.com\/wp-content\/uploads\/2026\/01\/\u5fae\u4fe1\u56fe\u7247_20260128161403_44_3857-150x150.jpg"},"medium_large":{"file":"\u5fae\u4fe1\u56fe\u7247_20260128161403_44_3857-768x427.jpg","width":768,"height":427,"mime-type":"image\/jpeg","filesize":665238,"url":"https:\/\/wondecmachinery.com\/wp-content\/uploads\/2026\/01\/\u5fae\u4fe1\u56fe\u7247_20260128161403_44_3857-768x427.jpg"},"1536x1536":{"file":"\u5fae\u4fe1\u56fe\u7247_20260128161403_44_3857-1536x855.jpg","width":1536,"height":855,"mime-type":"image\/jpeg","filesize":877818,"url":"https:\/\/wondecmachinery.com\/wp-content\/uploads\/2026\/01\/\u5fae\u4fe1\u56fe\u7247_20260128161403_44_3857-1536x855.jpg"},"2048x2048":{"file":"\u5fae\u4fe1\u56fe\u7247_20260128161403_44_3857-2048x1139.jpg","width":2048,"height":1139,"mime-type":"image\/jpeg","filesize":1076721,"url":"https:\/\/wondecmachinery.com\/wp-content\/uploads\/2026\/01\/\u5fae\u4fe1\u56fe\u7247_20260128161403_44_3857-2048x1139.jpg"},"trp-custom-language-flag":{"file":"\u5fae\u4fe1\u56fe\u7247_20260128161403_44_3857-18x10.jpg","width":18,"height":10,"mime-type":"image\/jpeg","filesize":566402,"url":"https:\/\/wondecmachinery.com\/wp-content\/uploads\/2026\/01\/\u5fae\u4fe1\u56fe\u7247_20260128161403_44_3857-18x10.jpg"}},"image_meta":{"aperture":"0","credit":"","camera":"","caption":"","created_timestamp":"0","copyright":"","focal_length":"0","iso":"0","shutter_speed":"0","title":"","orientation":"1","keywords":[]},"original_image":"\u5fae\u4fe1\u56fe\u7247_20260128161403_44_3857.jpg","ID":"2112","name":"\u5fae\u4fe1\u56fe\u7247_20260128161403_44_3857-scaled.jpg","path":"\/home\/u125175156\/domains\/wondecmachinery.com\/public_html\/wp-content\/uploads\/2026\/01\/\u5fae\u4fe1\u56fe\u7247_20260128161403_44_3857-scaled.jpg","url":"https:\/\/wondecmachinery.com\/wp-content\/uploads\/2026\/01\/\u5fae\u4fe1\u56fe\u7247_20260128161403_44_3857-150x150.jpg","full_url":"https:\/\/wondecmachinery.com\/wp-content\/uploads\/2026\/01\/\u5fae\u4fe1\u56fe\u7247_20260128161403_44_3857-scaled.jpg","title":"\u5fae\u4fe1\u56fe\u7247_20260128161403_44_3857","caption":"","description":"","alt":"","srcset":false}],"product_video_url":""},"_links":{"self":[{"href":"https:\/\/wondecmachinery.com\/ar\/wp-json\/wp\/v2\/product\/2430","targetHints":{"allow":["GET"]}}],"collection":[{"href":"https:\/\/wondecmachinery.com\/ar\/wp-json\/wp\/v2\/product"}],"about":[{"href":"https:\/\/wondecmachinery.com\/ar\/wp-json\/wp\/v2\/types\/product"}],"version-history":[{"count":2,"href":"https:\/\/wondecmachinery.com\/ar\/wp-json\/wp\/v2\/product\/2430\/revisions"}],"predecessor-version":[{"id":2480,"href":"https:\/\/wondecmachinery.com\/ar\/wp-json\/wp\/v2\/product\/2430\/revisions\/2480"}],"wp:featuredmedia":[{"embeddable":true,"href":"https:\/\/wondecmachinery.com\/ar\/wp-json\/wp\/v2\/media\/2116"}],"wp:attachment":[{"href":"https:\/\/wondecmachinery.com\/ar\/wp-json\/wp\/v2\/media?parent=2430"}],"wp:term":[{"taxonomy":"product-category","embeddable":true,"href":"https:\/\/wondecmachinery.com\/ar\/wp-json\/wp\/v2\/product-category?post=2430"}],"curies":[{"name":"wp","href":"https:\/\/api.w.org\/{rel}","templated":true}]}}